{"id":22248,"date":"2025-06-16T11:49:26","date_gmt":"2025-06-16T08:49:26","guid":{"rendered":"https:\/\/shop.spalvotareklama.lt\/contact-us\/"},"modified":"2025-10-27T19:21:52","modified_gmt":"2025-10-27T16:21:52","slug":"contact-us","status":"publish","type":"page","link":"https:\/\/shop.spalvotareklama.lt\/en\/contact-us\/","title":{"rendered":"Contact us"},"content":{"rendered":"\t\t<div data-elementor-type=\"wp-page\" data-elementor-id=\"22248\" class=\"elementor elementor-22248 elementor-3732\" data-elementor-post-type=\"page\">\n\t\t\t\t<div class=\"elementor-element elementor-element-eac9eb1 e-con-full e-flex e-con e-parent\" data-id=\"eac9eb1\" data-element_type=\"container\" data-e-type=\"container\">\n\t\t<div class=\"elementor-element elementor-element-43fe021 e-con-full e-flex e-con e-child\" data-id=\"43fe021\" data-element_type=\"container\" data-e-type=\"container\">\n\t\t\t\t<div class=\"elementor-element elementor-element-f90579e elementor-widget elementor-widget-heading\" data-id=\"f90579e\" data-element_type=\"widget\" data-e-type=\"widget\" data-widget_type=\"heading.default\">\n\t\t\t\t\t<h2 class=\"elementor-heading-title elementor-size-default\">Do you have any questions?<\/h2>\t\t\t\t<\/div>\n\t\t\t\t<div class=\"elementor-element elementor-element-9c08f6f elementor-widget elementor-widget-heading\" data-id=\"9c08f6f\" data-element_type=\"widget\" data-e-type=\"widget\" data-widget_type=\"heading.default\">\n\t\t\t\t\t<h1 class=\"elementor-heading-title elementor-size-default\">Contact us today!<\/h1>\t\t\t\t<\/div>\n\t\t\t\t<div class=\"elementor-element elementor-element-16c0012 elementor-widget elementor-widget-text-editor\" data-id=\"16c0012\" data-element_type=\"widget\" data-e-type=\"widget\" data-widget_type=\"text-editor.default\">\n\t\t\t\t\t\t\t\t\t<p>We are always happy to help you. Contact us using the contact details provided or fill out the inquiry form. We will respond to you within 24 hours.<\/p>\n\t\t\t\t\t\t\t\t<\/div>\n\t\t<div class=\"elementor-element elementor-element-84af36d e-con-full e-flex e-con e-child\" data-id=\"84af36d\" data-element_type=\"container\" data-e-type=\"container\">\n\t\t\t\t<div class=\"elementor-element elementor-element-86e3672 elementor-widget elementor-widget-text-editor\" data-id=\"86e3672\" data-element_type=\"widget\" data-e-type=\"widget\" data-widget_type=\"text-editor.default\">\n\t\t\t\t\t\t\t\t\t<div class=\"ql-block\" data-block-id=\"block-070e30be-1bb3-4e7f-8505-f4caaa563dab\"><strong>UAB AREVIVA<\/strong><\/div>\n<div class=\"ql-block\" data-block-id=\"block-edb36918-212d-41c3-b16f-ea3e2753c21f\"><strong>302303757<\/strong><\/div>\n<div class=\"ql-block\" data-block-id=\"block-603f2ff2-d0e6-4d9b-ada8-e39042598f48\"><strong>LT100004517516<\/strong><\/div>\n\t\t\t\t\t\t\t\t<\/div>\n\t\t<div class=\"elementor-element elementor-element-e1d1601 e-con-full e-flex e-con e-child\" data-id=\"e1d1601\" data-element_type=\"container\" data-e-type=\"container\">\n\t\t\t\t<div class=\"elementor-element elementor-element-75b1693 elementor-widget__width-initial elementor-view-default elementor-widget elementor-widget-icon\" data-id=\"75b1693\" data-element_type=\"widget\" data-e-type=\"widget\" data-widget_type=\"icon.default\">\n\t\t\t\t\t\t\t<div class=\"elementor-icon-wrapper\">\n\t\t\t<div class=\"elementor-icon\">\n\t\t\t<svg aria-hidden=\"true\" class=\"e-font-icon-svg e-far-envelope\" viewBox=\"0 0 512 512\" xmlns=\"http:\/\/www.w3.org\/2000\/svg\"><path d=\"M464 64H48C21.49 64 0 85.49 0 112v288c0 26.51 21.49 48 48 48h416c26.51 0 48-21.49 48-48V112c0-26.51-21.49-48-48-48zm0 48v40.805c-22.422 18.259-58.168 46.651-134.587 106.49-16.841 13.247-50.201 45.072-73.413 44.701-23.208.375-56.579-31.459-73.413-44.701C106.18 199.465 70.425 171.067 48 152.805V112h416zM48 400V214.398c22.914 18.251 55.409 43.862 104.938 82.646 21.857 17.205 60.134 55.186 103.062 54.955 42.717.231 80.509-37.199 103.053-54.947 49.528-38.783 82.032-64.401 104.947-82.653V400H48z\"><\/path><\/svg>\t\t\t<\/div>\n\t\t<\/div>\n\t\t\t\t\t\t<\/div>\n\t\t<div class=\"elementor-element elementor-element-5c92f99 e-con-full e-flex e-con e-child\" data-id=\"5c92f99\" data-element_type=\"container\" data-e-type=\"container\">\n\t\t\t\t<div class=\"elementor-element elementor-element-1793a27 elementor-widget elementor-widget-heading\" data-id=\"1793a27\" data-element_type=\"widget\" data-e-type=\"widget\" data-widget_type=\"heading.default\">\n\t\t\t\t\t<h2 class=\"elementor-heading-title elementor-size-default\">Write:<\/h2>\t\t\t\t<\/div>\n\t\t\t\t<div class=\"elementor-element elementor-element-02f40c9 elementor-widget elementor-widget-text-editor\" data-id=\"02f40c9\" data-element_type=\"widget\" data-e-type=\"widget\" data-widget_type=\"text-editor.default\">\n\t\t\t\t\t\t\t\t\t<p><a href=\"mailto:info@spalvotareklama.lt\">info@spalvotareklama.lt<\/a><\/p>\n\t\t\t\t\t\t\t\t<\/div>\n\t\t\t\t<\/div>\n\t\t\t\t<\/div>\n\t\t<div class=\"elementor-element elementor-element-1deaa80 e-con-full e-flex e-con e-child\" data-id=\"1deaa80\" data-element_type=\"container\" data-e-type=\"container\">\n\t\t\t\t<div class=\"elementor-element elementor-element-ad99d35 elementor-widget__width-initial elementor-view-default elementor-widget elementor-widget-icon\" data-id=\"ad99d35\" data-element_type=\"widget\" data-e-type=\"widget\" data-widget_type=\"icon.default\">\n\t\t\t\t\t\t\t<div class=\"elementor-icon-wrapper\">\n\t\t\t<div class=\"elementor-icon\">\n\t\t\t<svg xmlns=\"http:\/\/www.w3.org\/2000\/svg\" width=\"24\" height=\"25\" viewBox=\"0 0 24 25\" fill=\"none\"><g clip-path=\"url(#clip0_133_5103)\"><path d=\"M21 10.5C21 17.5 12 23.5 12 23.5C12 23.5 3 17.5 3 10.5C3 8.11305 3.94821 5.82387 5.63604 4.13604C7.32387 2.44821 9.61305 1.5 12 1.5C14.3869 1.5 16.6761 2.44821 18.364 4.13604C20.0518 5.82387 21 8.11305 21 10.5Z\" stroke=\"#E5175B\" stroke-width=\"1.5\" stroke-linecap=\"round\" stroke-linejoin=\"round\"><\/path><path d=\"M12 13.5C13.6569 13.5 15 12.1569 15 10.5C15 8.84315 13.6569 7.5 12 7.5C10.3431 7.5 9 8.84315 9 10.5C9 12.1569 10.3431 13.5 12 13.5Z\" stroke=\"#E5175B\" stroke-width=\"1.5\" stroke-linecap=\"round\" stroke-linejoin=\"round\"><\/path><\/g><defs><clipPath id=\"clip0_133_5103\"><rect width=\"24\" height=\"24\" fill=\"white\" transform=\"translate(0 0.5)\"><\/rect><\/clipPath><\/defs><\/svg>\t\t\t<\/div>\n\t\t<\/div>\n\t\t\t\t\t\t<\/div>\n\t\t<div class=\"elementor-element elementor-element-87815a6 e-con-full e-flex e-con e-child\" data-id=\"87815a6\" data-element_type=\"container\" data-e-type=\"container\">\n\t\t\t\t<div class=\"elementor-element elementor-element-9ac2156 elementor-widget elementor-widget-heading\" data-id=\"9ac2156\" data-element_type=\"widget\" data-e-type=\"widget\" data-widget_type=\"heading.default\">\n\t\t\t\t\t<h2 class=\"elementor-heading-title elementor-size-default\">Visit us in Vilnius:<\/h2>\t\t\t\t<\/div>\n\t\t\t\t<div class=\"elementor-element elementor-element-8851d12 elementor-widget elementor-widget-text-editor\" data-id=\"8851d12\" data-element_type=\"widget\" data-e-type=\"widget\" data-widget_type=\"text-editor.default\">\n\t\t\t\t\t\t\t\t\t<p>Varn\u0117s g. 2, Vilnius<\/p>\n\t\t\t\t\t\t\t\t<\/div>\n\t\t\t\t<\/div>\n\t\t\t\t<\/div>\n\t\t<div class=\"elementor-element elementor-element-3a6a495 e-con-full e-flex e-con e-child\" data-id=\"3a6a495\" data-element_type=\"container\" data-e-type=\"container\">\n\t\t\t\t<div class=\"elementor-element elementor-element-776f360 elementor-widget__width-initial elementor-view-default elementor-widget elementor-widget-icon\" data-id=\"776f360\" data-element_type=\"widget\" data-e-type=\"widget\" data-widget_type=\"icon.default\">\n\t\t\t\t\t\t\t<div class=\"elementor-icon-wrapper\">\n\t\t\t<div class=\"elementor-icon\">\n\t\t\t<i aria-hidden=\"true\" class=\"et-icon et-phone-call\"><\/i>\t\t\t<\/div>\n\t\t<\/div>\n\t\t\t\t\t\t<\/div>\n\t\t<div class=\"elementor-element elementor-element-21f2bb8 e-con-full e-flex e-con e-child\" data-id=\"21f2bb8\" data-element_type=\"container\" data-e-type=\"container\">\n\t\t\t\t<div class=\"elementor-element elementor-element-d4b30ea elementor-widget elementor-widget-heading\" data-id=\"d4b30ea\" data-element_type=\"widget\" data-e-type=\"widget\" data-widget_type=\"heading.default\">\n\t\t\t\t\t<h2 class=\"elementor-heading-title elementor-size-default\">Call us:<\/h2>\t\t\t\t<\/div>\n\t\t\t\t<div class=\"elementor-element elementor-element-f24a713 elementor-widget elementor-widget-text-editor\" data-id=\"f24a713\" data-element_type=\"widget\" data-e-type=\"widget\" data-widget_type=\"text-editor.default\">\n\t\t\t\t\t\t\t\t\t<p><a href=\"tel:+37065554906\">+370 655 54906<\/a><\/p>\n\t\t\t\t\t\t\t\t<\/div>\n\t\t\t\t<\/div>\n\t\t\t\t<\/div>\n\t\t<div class=\"elementor-element elementor-element-ad1750a e-con-full e-flex e-con e-child\" data-id=\"ad1750a\" data-element_type=\"container\" data-e-type=\"container\">\n\t\t\t\t<div class=\"elementor-element elementor-element-066f43b elementor-widget__width-initial elementor-view-default elementor-widget elementor-widget-icon\" data-id=\"066f43b\" data-element_type=\"widget\" data-e-type=\"widget\" data-widget_type=\"icon.default\">\n\t\t\t\t\t\t\t<div class=\"elementor-icon-wrapper\">\n\t\t\t<div class=\"elementor-icon\">\n\t\t\t<svg xmlns=\"http:\/\/www.w3.org\/2000\/svg\" width=\"24\" height=\"25\" viewBox=\"0 0 24 25\" fill=\"none\"><g clip-path=\"url(#clip0_133_5103)\"><path d=\"M21 10.5C21 17.5 12 23.5 12 23.5C12 23.5 3 17.5 3 10.5C3 8.11305 3.94821 5.82387 5.63604 4.13604C7.32387 2.44821 9.61305 1.5 12 1.5C14.3869 1.5 16.6761 2.44821 18.364 4.13604C20.0518 5.82387 21 8.11305 21 10.5Z\" stroke=\"#E5175B\" stroke-width=\"1.5\" stroke-linecap=\"round\" stroke-linejoin=\"round\"><\/path><path d=\"M12 13.5C13.6569 13.5 15 12.1569 15 10.5C15 8.84315 13.6569 7.5 12 7.5C10.3431 7.5 9 8.84315 9 10.5C9 12.1569 10.3431 13.5 12 13.5Z\" stroke=\"#E5175B\" stroke-width=\"1.5\" stroke-linecap=\"round\" stroke-linejoin=\"round\"><\/path><\/g><defs><clipPath id=\"clip0_133_5103\"><rect width=\"24\" height=\"24\" fill=\"white\" transform=\"translate(0 0.5)\"><\/rect><\/clipPath><\/defs><\/svg>\t\t\t<\/div>\n\t\t<\/div>\n\t\t\t\t\t\t<\/div>\n\t\t<div class=\"elementor-element elementor-element-ffb846a e-con-full e-flex e-con e-child\" data-id=\"ffb846a\" data-element_type=\"container\" data-e-type=\"container\">\n\t\t\t\t<div class=\"elementor-element elementor-element-aa7d18a elementor-widget elementor-widget-heading\" data-id=\"aa7d18a\" data-element_type=\"widget\" data-e-type=\"widget\" data-widget_type=\"heading.default\">\n\t\t\t\t\t<h2 class=\"elementor-heading-title elementor-size-default\">Visit us in Panev\u0117\u017eys:<\/h2>\t\t\t\t<\/div>\n\t\t\t\t<div class=\"elementor-element elementor-element-d37c870 elementor-widget elementor-widget-text-editor\" data-id=\"d37c870\" data-element_type=\"widget\" data-e-type=\"widget\" data-widget_type=\"text-editor.default\">\n\t\t\t\t\t\t\t\t\t<p>Elektronikos g. 62, Panev\u0117\u017eys<\/p>\n\t\t\t\t\t\t\t\t<\/div>\n\t\t\t\t<\/div>\n\t\t\t\t<\/div>\n\t\t<div class=\"elementor-element elementor-element-77b7802 e-con-full e-flex e-con e-child\" data-id=\"77b7802\" data-element_type=\"container\" data-e-type=\"container\">\n\t\t\t\t<div class=\"elementor-element elementor-element-e8975d5 elementor-widget__width-initial elementor-view-default elementor-widget elementor-widget-icon\" data-id=\"e8975d5\" data-element_type=\"widget\" data-e-type=\"widget\" data-widget_type=\"icon.default\">\n\t\t\t\t\t\t\t<div class=\"elementor-icon-wrapper\">\n\t\t\t<div class=\"elementor-icon\">\n\t\t\t<i aria-hidden=\"true\" class=\"et-icon et-phone-call\"><\/i>\t\t\t<\/div>\n\t\t<\/div>\n\t\t\t\t\t\t<\/div>\n\t\t<div class=\"elementor-element elementor-element-0985432 e-con-full e-flex e-con e-child\" data-id=\"0985432\" data-element_type=\"container\" data-e-type=\"container\">\n\t\t\t\t<div class=\"elementor-element elementor-element-74d8572 elementor-widget elementor-widget-heading\" data-id=\"74d8572\" data-element_type=\"widget\" data-e-type=\"widget\" data-widget_type=\"heading.default\">\n\t\t\t\t\t<h2 class=\"elementor-heading-title elementor-size-default\">Call us:<\/h2>\t\t\t\t<\/div>\n\t\t\t\t<div class=\"elementor-element elementor-element-ea4da52 elementor-widget elementor-widget-text-editor\" data-id=\"ea4da52\" data-element_type=\"widget\" data-e-type=\"widget\" data-widget_type=\"text-editor.default\">\n\t\t\t\t\t\t\t\t\t<p><a href=\"tel:+37063642497\">+370 636 42497<\/a><\/p>\n\t\t\t\t\t\t\t\t<\/div>\n\t\t\t\t<\/div>\n\t\t\t\t<\/div>\n\t\t<div class=\"elementor-element elementor-element-87c4ea0 e-con-full e-flex e-con e-child\" data-id=\"87c4ea0\" data-element_type=\"container\" data-e-type=\"container\">\n\t\t\t\t<div class=\"elementor-element elementor-element-a00db32 elementor-widget elementor-widget-heading\" data-id=\"a00db32\" data-element_type=\"widget\" data-e-type=\"widget\" data-widget_type=\"heading.default\">\n\t\t\t\t\t<h2 class=\"elementor-heading-title elementor-size-default\">Follow Us<\/h2>\t\t\t\t<\/div>\n\t\t\t\t<div class=\"elementor-element elementor-element-ea9bdc0 elementor-shape-circle elementor-grid-0 e-grid-align-center elementor-widget elementor-widget-social-icons\" data-id=\"ea9bdc0\" data-element_type=\"widget\" data-e-type=\"widget\" data-widget_type=\"social-icons.default\">\n\t\t\t\t\t\t\t<div class=\"elementor-social-icons-wrapper elementor-grid\" role=\"list\">\n\t\t\t\t\t\t\t<span class=\"elementor-grid-item\" role=\"listitem\">\n\t\t\t\t\t<a class=\"elementor-icon elementor-social-icon elementor-social-icon- elementor-repeater-item-d663713\" target=\"_blank\">\n\t\t\t\t\t\t<span class=\"elementor-screen-only\"><\/span>\n\t\t\t\t\t\t<svg xmlns=\"http:\/\/www.w3.org\/2000\/svg\" width=\"21\" height=\"20\" viewBox=\"0 0 21 20\" fill=\"none\"><path d=\"M4.40618 6.42007H0.25772V20H4.40618V6.42007Z\" fill=\"#E5175B\"><\/path><path d=\"M15.7375 6.29252C13.3599 6.29252 11.8717 7.61905 11.5974 8.55442V6.42007H6.93349C6.99169 7.55102 6.93349 20 6.93349 20H11.5974V12.6616C11.5974 12.2449 11.5808 11.8367 11.6971 11.5476C12.0131 10.7313 12.7031 9.88095 13.9418 9.88095C15.5629 9.88095 16.2945 11.1395 16.2945 12.9762V20H21V12.449C21 8.2483 18.6888 6.29252 15.7375 6.29252Z\" fill=\"#E5175B\"><\/path><path d=\"M2.53563 0C1.00594 0 0 1.01191 0 2.35544C0 3.67347 0.972684 4.71088 2.47743 4.71088H2.51069C4.07363 4.71088 5.04632 3.66497 5.03801 2.35544C5.00475 1.01191 4.06532 0 2.53563 0Z\" fill=\"#E5175B\"><\/path><\/svg>\t\t\t\t\t<\/a>\n\t\t\t\t<\/span>\n\t\t\t\t\t\t\t<span class=\"elementor-grid-item\" role=\"listitem\">\n\t\t\t\t\t<a class=\"elementor-icon elementor-social-icon elementor-social-icon- elementor-repeater-item-fd843b8\" target=\"_blank\">\n\t\t\t\t\t\t<span class=\"elementor-screen-only\"><\/span>\n\t\t\t\t\t\t<svg xmlns=\"http:\/\/www.w3.org\/2000\/svg\" width=\"10\" height=\"20\" viewBox=\"0 0 10 20\" fill=\"none\"><path d=\"M6.23047 6.875V4.375C6.23047 4.02344 6.35417 3.73047 6.60156 3.49609C6.84896 3.26172 7.14193 3.14453 7.48047 3.14453H8.71094V0H6.23047C5.20182 0 4.32292 0.367839 3.59375 1.10352C2.86458 1.83919 2.5 2.72786 2.5 3.76953V6.875H0V10H2.5V20H6.26953V10H8.76953L10 6.875H6.23047Z\" fill=\"#E5175B\"><\/path><\/svg>\t\t\t\t\t<\/a>\n\t\t\t\t<\/span>\n\t\t\t\t\t\t\t<span class=\"elementor-grid-item\" role=\"listitem\">\n\t\t\t\t\t<a class=\"elementor-icon elementor-social-icon elementor-social-icon- elementor-repeater-item-7c97a47\" target=\"_blank\">\n\t\t\t\t\t\t<span class=\"elementor-screen-only\"><\/span>\n\t\t\t\t\t\t<svg xmlns=\"http:\/\/www.w3.org\/2000\/svg\" width=\"20\" height=\"20\" viewBox=\"0 0 20 20\" fill=\"none\"><path d=\"M13.7695 0H6.23047C5.37109 0 4.5638 0.16276 3.80859 0.488281C3.05339 0.813803 2.39258 1.25977 1.82617 1.82617C1.25977 2.39258 0.813802 3.05338 0.488281 3.80859C0.16276 4.5638 0 5.37109 0 6.23047V13.7305C0 14.6029 0.16276 15.4167 0.488281 16.1719C0.813802 16.9401 1.25977 17.6074 1.82617 18.1738C2.39258 18.7402 3.05339 19.1862 3.80859 19.5117C4.5638 19.8372 5.37109 20 6.23047 20H13.7305C14.6029 20 15.4167 19.8372 16.1719 19.5117C16.9401 19.1862 17.6074 18.7402 18.1738 18.1738C18.7402 17.6074 19.1862 16.9466 19.5117 16.1914C19.8372 15.4362 20 14.6289 20 13.7695V6.23047C20 5.37109 19.8372 4.5638 19.5117 3.80859C19.1862 3.05338 18.7402 2.39258 18.1738 1.82617C17.6074 1.25977 16.9466 0.813803 16.1914 0.488281C15.4362 0.16276 14.6289 0 13.7695 0ZM18.125 13.7695C18.125 14.3685 18.0078 14.9349 17.7734 15.4688C17.5521 16.0026 17.2428 16.4681 16.8457 16.8652C16.4486 17.2624 15.9831 17.5716 15.4492 17.793C14.9154 18.0273 14.3424 18.1445 13.7305 18.1445H6.23047C5.63151 18.1445 5.0651 18.0273 4.53125 17.793C3.9974 17.5716 3.5319 17.2624 3.13477 16.8652C2.73763 16.4681 2.42839 16.0026 2.20703 15.4688C1.97266 14.9349 1.85547 14.3685 1.85547 13.7695V6.23047C1.85547 5.63151 1.97266 5.0651 2.20703 4.53125C2.42839 3.9974 2.73763 3.5319 3.13477 3.13477C3.5319 2.73763 3.9974 2.42838 4.53125 2.20703C5.0651 1.97266 5.63151 1.85547 6.23047 1.85547H13.7305C14.3424 1.85547 14.9154 1.97266 15.4492 2.20703C15.9831 2.42838 16.4486 2.73763 16.8457 3.13477C17.2428 3.5319 17.5521 3.9974 17.7734 4.53125C18.0078 5.0651 18.125 5.63151 18.125 6.23047V13.7695ZM10 5C9.3099 5 8.65885 5.13021 8.04688 5.39062C7.44792 5.65104 6.92057 6.00911 6.46484 6.46484C6.00911 6.92057 5.65104 7.44792 5.39062 8.04688C5.13021 8.65885 5 9.3099 5 10C5 10.6901 5.13021 11.3411 5.39062 11.9531C5.65104 12.5521 6.00911 13.0794 6.46484 13.5352C6.92057 13.9909 7.44792 14.349 8.04688 14.6094C8.65885 14.8698 9.3099 15 10 15C10.6901 15 11.3411 14.8698 11.9531 14.6094C12.5521 14.349 13.0794 13.9909 13.5352 13.5352C13.9909 13.0794 14.349 12.5521 14.6094 11.9531C14.8698 11.3411 15 10.6901 15 10C15 9.3099 14.8698 8.65885 14.6094 8.04688C14.349 7.44792 13.9909 6.92057 13.5352 6.46484C13.0794 6.00911 12.5521 5.65104 11.9531 5.39062C11.3411 5.13021 10.6901 5 10 5ZM10 13.125C9.14062 13.125 8.40495 12.819 7.79297 12.207C7.18099 11.5951 6.875 10.8594 6.875 10C6.875 9.14062 7.18099 8.40495 7.79297 7.79297C8.40495 7.18099 9.14062 6.875 10 6.875C10.8594 6.875 11.5951 7.18099 12.207 7.79297C12.819 8.40495 13.125 9.14062 13.125 10C13.125 10.8594 12.819 11.5951 12.207 12.207C11.5951 12.819 10.8594 13.125 10 13.125ZM16.0352 4.62891C16.0352 4.8112 15.9701 4.96419 15.8398 5.08789C15.7096 5.21159 15.5534 5.27344 15.3711 5.27344C15.1888 5.27344 15.0358 5.21159 14.9121 5.08789C14.7884 4.96419 14.7266 4.8112 14.7266 4.62891C14.7266 4.44661 14.7884 4.29036 14.9121 4.16016C15.0358 4.02995 15.1888 3.96484 15.3711 3.96484C15.5534 3.96484 15.7096 4.02995 15.8398 4.16016C15.9701 4.29036 16.0352 4.44661 16.0352 4.62891Z\" fill=\"#E5175B\"><\/path><\/svg>\t\t\t\t\t<\/a>\n\t\t\t\t<\/span>\n\t\t\t\t\t\t\t<span class=\"elementor-grid-item\" role=\"listitem\">\n\t\t\t\t\t<a class=\"elementor-icon elementor-social-icon elementor-social-icon- elementor-repeater-item-1c62766\" target=\"_blank\">\n\t\t\t\t\t\t<span class=\"elementor-screen-only\"><\/span>\n\t\t\t\t\t\t<svg xmlns=\"http:\/\/www.w3.org\/2000\/svg\" width=\"26\" height=\"20\" viewBox=\"0 0 26 20\" fill=\"none\"><path d=\"M25.2383 2.71574C25.1536 2.36041 24.9801 2.04738 24.7178 1.77665C24.4554 1.50592 24.1465 1.31134 23.791 1.19289C23.3171 1.04061 22.7077 0.896785 21.9629 0.761421C21.2181 0.609137 20.3802 0.478004 19.4492 0.36802C18.5182 0.258037 17.5026 0.169204 16.4023 0.101523C15.319 0.0338414 14.1849 0 13 0C11.8151 0 10.681 0.0338414 9.59766 0.101523C8.4974 0.169204 7.48177 0.258037 6.55078 0.36802C5.61979 0.478004 4.7819 0.609137 4.03711 0.761421C3.29232 0.896785 2.68294 1.04061 2.20898 1.19289C1.83659 1.31134 1.52344 1.50592 1.26953 1.77665C1.01562 2.04738 0.846354 2.36041 0.761719 2.71574C0.609375 3.39255 0.444336 4.35279 0.266602 5.59645C0.0888672 6.8401 0 8.30795 0 10C0 11.692 0.0888672 13.1599 0.266602 14.4036C0.444336 15.6472 0.609375 16.6074 0.761719 17.2843C0.846354 17.6396 1.01986 17.9526 1.28223 18.2234C1.5446 18.4941 1.85352 18.6887 2.20898 18.8071C2.68294 18.9594 3.29232 19.1032 4.03711 19.2386C4.7819 19.3909 5.61979 19.522 6.55078 19.632C7.48177 19.742 8.4974 19.8308 9.59766 19.8985C10.681 19.9662 11.8151 20 13 20C14.1849 20 15.319 19.9662 16.4023 19.8985C17.5026 19.8308 18.5182 19.742 19.4492 19.632C20.3802 19.522 21.2181 19.3909 21.9629 19.2386C22.7077 19.1032 23.3171 18.9594 23.791 18.8071C24.1634 18.6887 24.4766 18.4941 24.7305 18.2234C24.9844 17.9526 25.1536 17.6396 25.2383 17.2843C25.3906 16.6074 25.5557 15.6472 25.7334 14.4036C25.9111 13.1599 26 11.692 26 10C26 8.30795 25.9111 6.8401 25.7334 5.59645C25.5557 4.35279 25.3906 3.39255 25.2383 2.71574ZM10.5117 14.0102V5.98985L17.9258 10L10.5117 14.0102Z\" fill=\"#E5175B\"><\/path><\/svg>\t\t\t\t\t<\/a>\n\t\t\t\t<\/span>\n\t\t\t\t\t<\/div>\n\t\t\t\t\t\t<\/div>\n\t\t\t\t<\/div>\n\t\t\t\t<\/div>\n\t\t\t\t<\/div>\n\t\t<div class=\"elementor-element elementor-element-4aa439c e-con-full e-flex e-con e-child\" data-id=\"4aa439c\" data-element_type=\"container\" data-e-type=\"container\" data-settings=\"{&quot;background_background&quot;:&quot;classic&quot;}\">\n\t\t\t\t<div class=\"elementor-element elementor-element-9fccce9 etheme-contact-form-7-button-custom elementor-widget elementor-widget-et-contact-form-7\" data-id=\"9fccce9\" data-element_type=\"widget\" data-e-type=\"widget\" data-widget_type=\"et-contact-form-7.default\">\n\t\t\t\t<div class=\"elementor-widget-container\">\n\t\t\t\t\t                <div class=\"pp-contact-form etheme-contact-form-7 placeholder-show\">\n                                        \n<div class=\"wpcf7 no-js\" id=\"wpcf7-f23924-o1\" lang=\"en-US\" dir=\"ltr\" data-wpcf7-id=\"23924\">\n<div class=\"screen-reader-response\"><p role=\"status\" aria-live=\"polite\" aria-atomic=\"true\"><\/p> <ul><\/ul><\/div>\n<form action=\"\/en\/wp-json\/wp\/v2\/pages\/22248#wpcf7-f23924-o1\" method=\"post\" class=\"wpcf7-form init\" aria-label=\"Contact form\" novalidate=\"novalidate\" data-status=\"init\">\n<fieldset class=\"hidden-fields-container\"><input type=\"hidden\" name=\"_wpcf7\" value=\"23924\" \/><input type=\"hidden\" name=\"_wpcf7_version\" value=\"6.1.5\" \/><input type=\"hidden\" name=\"_wpcf7_locale\" value=\"en_US\" \/><input type=\"hidden\" name=\"_wpcf7_unit_tag\" value=\"wpcf7-f23924-o1\" \/><input type=\"hidden\" name=\"_wpcf7_container_post\" value=\"0\" \/><input type=\"hidden\" name=\"_wpcf7_posted_data_hash\" value=\"\" \/>\n<\/fieldset>\n<div class=\"cf7-form-box\">\n\t<h2 class=\"cf7-form-title\">Para\u0161ykite mums\n\t<\/h2>\n\t<p><label for=\"tema\">Tema<\/label><br \/>\n<span class=\"wpcf7-form-control-wrap\" data-name=\"tema\"><select class=\"wpcf7-form-control wpcf7-select wpcf7-validates-as-required cf7-select\" id=\"tema\" aria-required=\"true\" aria-invalid=\"false\" name=\"tema\"><option value=\"\">&#8212;Please choose an option&#8212;<\/option><option value=\"Pasirinkite tem\u0105\">Pasirinkite tem\u0105<\/option><option value=\"Bendras klausimas\">Bendras klausimas<\/option><option value=\"U\u017esakymas\">U\u017esakymas<\/option><option value=\"Garantija\">Garantija<\/option><option value=\"Nuoma\">Nuoma<\/option><\/select><\/span>\n\t<\/p>\n\n <!-- Vardas, Pavard\u0117 -->\n\t<div class=\"cf7-form-row\">\n\t\t<div class=\"cf7-form-col\">\n\t\t\t<p><label for=\"vardas\">Vardas, pavard\u0117<\/label><br \/>\n<span class=\"wpcf7-form-control-wrap\" data-name=\"vardas\"><input size=\"40\" maxlength=\"400\" class=\"wpcf7-form-control wpcf7-text wpcf7-validates-as-required cf7-input\" id=\"vardas\" aria-required=\"true\" aria-invalid=\"false\" value=\"\" type=\"text\" name=\"vardas\" \/><\/span>\n\t\t\t<\/p>\n\t\t<\/div>\n\t\t<div class=\"cf7-form-col\">\n\t\t\t<p><label for=\"imone\">\u012emon\u0117s pavadinimas <span class=\"cf7-optional\">(neprivaloma)<\/span><\/label><br \/>\n<span class=\"wpcf7-form-control-wrap\" data-name=\"imone\"><input size=\"40\" maxlength=\"400\" class=\"wpcf7-form-control wpcf7-text cf7-input\" id=\"imone\" aria-invalid=\"false\" value=\"\" type=\"text\" name=\"imone\" \/><\/span>\n\t\t\t<\/p>\n\t\t<\/div>\n\t<\/div>\n\n <!-- El.pa\u0161tas ir telefono nr. -->\n\t<div class=\"cf7-form-row\">\n\t\t<div class=\"cf7-form-col\">\n\t\t\t<p><label for=\"elpastas\">El. pa\u0161to adresas<\/label><br \/>\n<span class=\"wpcf7-form-control-wrap\" data-name=\"elpastas\"><input size=\"40\" maxlength=\"400\" class=\"wpcf7-form-control wpcf7-email wpcf7-validates-as-required wpcf7-text wpcf7-validates-as-email cf7-input\" id=\"elpastas\" aria-required=\"true\" aria-invalid=\"false\" value=\"\" type=\"email\" name=\"elpastas\" \/><\/span>\n\t\t\t<\/p>\n\t\t<\/div>\n\t\t<div class=\"cf7-form-col\">\n\t\t\t<p><label for=\"telefonas\">Telefono numeris<\/label><br \/>\n<span class=\"wpcf7-form-control-wrap\" data-name=\"telefonas\"><input size=\"40\" maxlength=\"400\" class=\"wpcf7-form-control wpcf7-tel wpcf7-validates-as-required wpcf7-text wpcf7-validates-as-tel cf7-input\" id=\"telefonas\" aria-required=\"true\" aria-invalid=\"false\" value=\"+370\" type=\"tel\" name=\"telefonas\" \/><\/span>\n\t\t\t<\/p>\n\t\t<\/div>\n\t<\/div>\n\n <!-- Prane\u0161imas -->\n\t<p><label for=\"zinute\">\u017dinut\u0117<\/label><br \/>\n<span class=\"wpcf7-form-control-wrap\" data-name=\"zinute\"><textarea cols=\"40\" rows=\"10\" maxlength=\"2000\" class=\"wpcf7-form-control wpcf7-textarea wpcf7-validates-as-required cf7-textarea\" id=\"zinute\" aria-required=\"true\" aria-invalid=\"false\" name=\"zinute\"><\/textarea><\/span>\n\t<\/p>\n\n <!-- Sutikimas -->\n\t<div class=\"cf7-acceptance-wrap\">\n\t\t<p><span class=\"wpcf7-form-control-wrap\" data-name=\"politika\"><span class=\"wpcf7-form-control wpcf7-acceptance\"><span class=\"wpcf7-list-item\"><label><input type=\"checkbox\" name=\"politika\" value=\"1\" aria-invalid=\"false\" \/><span class=\"wpcf7-list-item-label\">Sutinku su <a href=\"\/privatumo-politika\" target=\"_blank\">Privatumo politika<\/a><\/span><\/label><\/span><\/span><\/span>\n\t\t<\/p>\n\t<\/div>\n\n <!-- Mygtukas -->\n\t<p><input class=\"wpcf7-form-control wpcf7-submit has-spinner cf7-submit\" type=\"submit\" value=\"Si\u0173sti \u017einut\u0119\" \/>\n\t<\/p>\n<\/div><div class=\"wpcf7-response-output\" aria-hidden=\"true\"><\/div>\n<\/form>\n<\/div>\n                <\/div>\n                \t\t\t\t<\/div>\n\t\t\t\t<\/div>\n\t\t\t\t<\/div>\n\t\t\t\t<\/div>\n\t\t\t\t<\/div>\n\t\t","protected":false},"excerpt":{"rendered":"<p>Do you have any questions? Contact us today! We are always happy to help you. Contact us using the contact details provided or fill out&#8230;<\/p>\n","protected":false},"author":4,"featured_media":0,"parent":0,"menu_order":0,"comment_status":"closed","ping_status":"closed","template":"","meta":{"_acf_changed":false,"footnotes":""},"skaiciuokle_tax":[],"class_list":["post-22248","page","type-page","status-publish","hentry"],"acf":[],"_links":{"self":[{"href":"https:\/\/shop.spalvotareklama.lt\/en\/wp-json\/wp\/v2\/pages\/22248","targetHints":{"allow":["GET"]}}],"collection":[{"href":"https:\/\/shop.spalvotareklama.lt\/en\/wp-json\/wp\/v2\/pages"}],"about":[{"href":"https:\/\/shop.spalvotareklama.lt\/en\/wp-json\/wp\/v2\/types\/page"}],"author":[{"embeddable":true,"href":"https:\/\/shop.spalvotareklama.lt\/en\/wp-json\/wp\/v2\/users\/4"}],"replies":[{"embeddable":true,"href":"https:\/\/shop.spalvotareklama.lt\/en\/wp-json\/wp\/v2\/comments?post=22248"}],"version-history":[{"count":0,"href":"https:\/\/shop.spalvotareklama.lt\/en\/wp-json\/wp\/v2\/pages\/22248\/revisions"}],"wp:attachment":[{"href":"https:\/\/shop.spalvotareklama.lt\/en\/wp-json\/wp\/v2\/media?parent=22248"}],"wp:term":[{"taxonomy":"skaiciuokle_tax","embeddable":true,"href":"https:\/\/shop.spalvotareklama.lt\/en\/wp-json\/wp\/v2\/skaiciuokle_tax?post=22248"}],"curies":[{"name":"wp","href":"https:\/\/api.w.org\/{rel}","templated":true}]}}